{"id":1009,"date":"2022-10-28T22:05:13","date_gmt":"2022-10-29T03:05:13","guid":{"rendered":"https:\/\/responsablesambientales.org\/peru\/?page_id=1009"},"modified":"2022-12-01T23:52:40","modified_gmt":"2022-12-02T04:52:40","slug":"3er-foro-internacional-2022","status":"publish","type":"page","link":"https:\/\/responsablesambientales.org\/peru\/eventos\/3er-foro-internacional-2022\/","title":{"rendered":"3er Foro Internacional 2022"},"content":{"rendered":"<p>[vc_row][vc_column][vc_custom_heading text=\u00bb3er Foro Internacional: \u201cTecnolog\u00eda Ambiental y Adaptaci\u00f3n al Cambio Clim\u00e1tico\u00ab\u00bb font_container=\u00bbtag:h2|font_size:28px|text_align:justify|color:%23000000|line_height:32px\u00bb google_fonts=\u00bbfont_family:Montserrat%3Aregular%2C700|font_style:700%20bold%20regular%3A700%3Anormal\u00bb]<div class=\"ult-spacer spacer-69d135667b542\" data-id=\"69d135667b542\" data-height=\"20\" data-height-mobile=\"20\" data-height-tab=\"20\" data-height-tab-portrait=\"\" data-height-mobile-landscape=\"\" style=\"clear:both;display:block;\"><\/div>[\/vc_column][\/vc_row][vc_row full_width=\u00bbstretch_row\u00bb gap=\u00bb35&#8243; bg_type=\u00bbbg_color\u00bb css=\u00bb.vc_custom_1601086119916{margin-right: 40px !important;margin-left: 40px !important;padding-top: 0px !important;}\u00bb][vc_column width=\u00bb1\/2&#8243; css=\u00bb.vc_custom_1601086127576{padding-top: 0px !important;padding-left: 30px !important;}\u00bb][vc_custom_heading text=\u00bbViernes 02 de Diciembre de 2022&#8243; font_container=\u00bbtag:h2|font_size:28px|text_align:right|color:%23000000|line_height:32px\u00bb google_fonts=\u00bbfont_family:Montserrat%3Aregular%2C700|font_style:700%20bold%20regular%3A700%3Anormal\u00bb][vc_empty_space height=\u00bb60px\u00bb][vc_column_text]<\/p>\n<p style=\"text-align: right;\"><a href=\"https:\/\/docs.google.com\/forms\/d\/e\/1FAIpQLSdnVV0chg11IdZ8M7vJCzM_4xyAbw3M_HfZ5Kh2cw7p1_91hw\/viewform\" target=\"_blank\" rel=\"noopener\">Click aqu\u00ed para Inscripci\u00f3n de Asistentes<\/a><\/p>\n<p>[\/vc_column_text][vc_column_text]<\/p>\n<p style=\"text-align: right;\">Ingrese a la Conferencia Zoom del Evento:<br \/>\n<a href=\"https:\/\/us02web.zoom.us\/j\/81606683702?pwd=MENjMVRSblhSVmxZZ2FZQWdoTGpzdz09\" target=\"_blank\" rel=\"noopener\">https:\/\/us02web.zoom.us\/j\/81606683702?pwd=MENjMVRSblhSVmxZZ2FZQWdoTGpzdz09<\/a><br \/>\nID de reuni\u00f3n: 816 0668 3702<br \/>\nC\u00f3digo de acceso: 973997<\/p>\n<p>[\/vc_column_text][\/vc_column][vc_column width=\u00bb1\/2&#8243; css=\u00bb.vc_custom_1601086135792{padding-top: 0px !important;padding-right: 30px !important;}\u00bb][vc_single_image image=\u00bb1024&#8243; img_size=\u00bblarge\u00bb alignment=\u00bbcenter\u00bb][\/vc_column][\/vc_row][vc_row full_width=\u00bbstretch_row\u00bb gap=\u00bb35&#8243; bg_type=\u00bbbg_color\u00bb css=\u00bb.vc_custom_1601086119916{margin-right: 40px !important;margin-left: 40px !important;padding-top: 0px !important;}\u00bb][vc_column width=\u00bb1\/3&#8243; css=\u00bb.vc_custom_1601086127576{padding-top: 0px !important;padding-left: 30px !important;}\u00bb][vc_column_text css=\u00bb.vc_custom_1629644716028{margin-bottom: 15px !important;padding-right: 20px !important;padding-left: 20px !important;}\u00bb]<\/p>\n<div class=\"kvgmc6g5 cxmmr5t8 oygrvhab hcukyx3x c1et5uql ii04i59q\">\n<div dir=\"auto\">Los que desean compartir los resultados de sus trabajos, experiencias y proyectos de investigaci\u00f3n sobre sinergia, resiliencia y emprendimiento en medio ambiente pueden enviar su poster hasta el domingo 22 de agosto al correo electr\u00f3nico: nodoperu@responsablesambientales.org.<\/div>\n<\/div>\n<p>[\/vc_column_text][\/vc_column][vc_column width=\u00bb1\/3&#8243; css=\u00bb.vc_custom_1629644924506{padding-top: 0px !important;padding-right: 30px !important;}\u00bb][vc_column_text css=\u00bb.vc_custom_1667014269144{margin-bottom: 15px !important;padding-right: 20px !important;padding-left: 20px !important;}\u00bb]<\/p>\n<div dir=\"auto\">La participaci\u00f3n como asistentes es gratuita, las inscripciones est\u00e1n abiertas en <a href=\"https:\/\/docs.google.com\/forms\/d\/e\/1FAIpQLSdnVV0chg11IdZ8M7vJCzM_4xyAbw3M_HfZ5Kh2cw7p1_91hw\/viewform\" target=\"_blank\" rel=\"noopener\"><em><strong>este enlace<\/strong><\/em><\/a>.<\/div>\n<div dir=\"auto\">Asimismo, ser\u00e1 transmitido por:<\/div>\n<ul>\n<li dir=\"auto\">las redes sociales de la UNMSM:\u00a0<a class=\"oajrlxb2 g5ia77u1 qu0x051f esr5mh6w e9989ue4 r7d6kgcz rq0escxv nhd2j8a9 nc684nl6 p7hjln8o kvgmc6g5 cxmmr5t8 oygrvhab hcukyx3x jb3vyjys rz4wbd8a qt6c0cv9 a8nywdso i1ao9s8h esuyzwwr f1sip0of lzcic4wl py34i1dx gpro0wi8\" tabindex=\"0\" role=\"link\" href=\"https:\/\/n9.cl\/9fjr1?fbclid=IwAR1-YZ7TcIw38J6HGasIzpls1Uc3K4pWQH-iGkFqU2QwS5WFuOiKEO0j0U0\" target=\"_blank\" rel=\"nofollow noopener\">https:\/\/n9.cl\/9fjr1<\/a> y<\/li>\n<li dir=\"auto\">el Canal de youtube del foro: <a href=\"https:\/\/n9.cl\/zerr\" target=\"_blank\" rel=\"noopener\">https:\/\/n9.cl\/zerr<\/a><\/li>\n<\/ul>\n<p>[\/vc_column_text][\/vc_column][vc_column width=\u00bb1\/3&#8243; css=\u00bb.vc_custom_1629644931302{padding-top: 0px !important;}\u00bb][vc_column_text css=\u00bb.vc_custom_1629645470220{margin-bottom: 15px !important;padding-right: 20px !important;padding-left: 20px !important;}\u00bb]<\/p>\n<div class=\"kvgmc6g5 cxmmr5t8 oygrvhab hcukyx3x c1et5uql ii04i59q\">\n<div dir=\"auto\">\n<div dir=\"auto\">Para mayor informaci\u00f3n cont\u00e1ctanos al:<\/div>\n<div dir=\"auto\">Correo: nodoperu@responsablesambientales.org<\/div>\n<div dir=\"auto\">P\u00e1gina web: <a class=\"oajrlxb2 g5ia77u1 qu0x051f esr5mh6w e9989ue4 r7d6kgcz rq0escxv nhd2j8a9 nc684nl6 p7hjln8o kvgmc6g5 cxmmr5t8 oygrvhab hcukyx3x jb3vyjys rz4wbd8a qt6c0cv9 a8nywdso i1ao9s8h esuyzwwr f1sip0of lzcic4wl py34i1dx gpro0wi8\" tabindex=\"0\" role=\"link\" href=\"https:\/\/responsablesambientales.org\/peru\/?fbclid=IwAR1764CWeo6WZ8r53fA3HcvJNsykbUyIIHWjE07Ukr0PN7FGw14rXlrhWkU\" target=\"_blank\" rel=\"nofollow noopener\">https:\/\/responsablesambientales.org\/peru\/<\/a><\/div>\n<div dir=\"auto\">Facebook: <a href=\"https:\/\/n9.cl\/y1h3v\" target=\"_blank\" rel=\"noopener\">https:\/\/n9.cl\/y1h3v<\/a><\/div>\n<\/div>\n<\/div>\n<p>[\/vc_column_text][\/vc_column][\/vc_row]<\/p>\n","protected":false},"excerpt":{"rendered":"<p>[vc_row][vc_column][vc_custom_heading text=\u00bb3er Foro Internacional: \u201cTecnolog\u00eda Ambiental y Adaptaci\u00f3n al Cambio Clim\u00e1tico\u00ab\u00bb font_container=\u00bbtag:h2|font_size:28px|text_align:justify|color:%23000000|line_height:32px\u00bb google_fonts=\u00bbfont_family:Montserrat%3Aregular%2C700|font_style:700%20bold%20regular%3A700%3Anormal\u00bb][\/vc_column][\/vc_row][vc_row full_width=\u00bbstretch_row\u00bb gap=\u00bb35&#8243; bg_type=\u00bbbg_color\u00bb css=\u00bb.vc_custom_1601086119916{margin-right: 40px !important;margin-left: 40px !important;padding-top: 0px !important;}\u00bb][vc_column width=\u00bb1\/2&#8243; css=\u00bb.vc_custom_1601086127576{padding-top: 0px !important;padding-left: 30px !important;}\u00bb][vc_custom_heading text=\u00bbViernes 02 de Diciembre de 2022&#8243; font_container=\u00bbtag:h2|font_size:28px|text_align:right|color:%23000000|line_height:32px\u00bb google_fonts=\u00bbfont_family:Montserrat%3Aregular%2C700|font_style:700%20bold%20regular%3A700%3Anormal\u00bb][vc_empty_space height=\u00bb60px\u00bb][vc_column_text] Click aqu\u00ed para Inscripci\u00f3n de Asistentes [\/vc_column_text][vc_column_text] Ingrese a la Conferencia Zoom del Evento: https:\/\/us02web.zoom.us\/j\/81606683702?pwd=MENjMVRSblhSVmxZZ2FZQWdoTGpzdz09 ID de&hellip;<\/p>\n","protected":false},"author":1,"featured_media":0,"parent":780,"menu_order":0,"comment_status":"closed","ping_status":"closed","template":"","meta":{"footnotes":""},"class_list":["post-1009","page","type-page","status-publish","hentry","description-off"],"_links":{"self":[{"href":"https:\/\/responsablesambientales.org\/peru\/wp-json\/wp\/v2\/pages\/1009","targetHints":{"allow":["GET"]}}],"collection":[{"href":"https:\/\/responsablesambientales.org\/peru\/wp-json\/wp\/v2\/pages"}],"about":[{"href":"https:\/\/responsablesambientales.org\/peru\/wp-json\/wp\/v2\/types\/page"}],"author":[{"embeddable":true,"href":"https:\/\/responsablesambientales.org\/peru\/wp-json\/wp\/v2\/users\/1"}],"replies":[{"embeddable":true,"href":"https:\/\/responsablesambientales.org\/peru\/wp-json\/wp\/v2\/comments?post=1009"}],"version-history":[{"count":7,"href":"https:\/\/responsablesambientales.org\/peru\/wp-json\/wp\/v2\/pages\/1009\/revisions"}],"predecessor-version":[{"id":1012,"href":"https:\/\/responsablesambientales.org\/peru\/wp-json\/wp\/v2\/pages\/1009\/revisions\/1012"}],"up":[{"embeddable":true,"href":"https:\/\/responsablesambientales.org\/peru\/wp-json\/wp\/v2\/pages\/780"}],"wp:attachment":[{"href":"https:\/\/responsablesambientales.org\/peru\/wp-json\/wp\/v2\/media?parent=1009"}],"curies":[{"name":"wp","href":"https:\/\/api.w.org\/{rel}","templated":true}]}}